{"id":14145,"date":"2020-11-25T16:24:14","date_gmt":"2020-11-25T16:24:14","guid":{"rendered":"https:\/\/fai-test.verticaladsgroup.com\/enquiries\/"},"modified":"2022-02-21T13:33:10","modified_gmt":"2022-02-21T13:33:10","slug":"enquiries","status":"publish","type":"page","link":"https:\/\/www.financeads.com\/fr\/annonceurs\/enquiries\/","title":{"rendered":"Demande de collaboration"},"content":{"rendered":"<p>[vc_row][vc_column][vc_raw_html]JTNDZGl2JTIwY2xhc3MlM0QlMjJ2Y19yb3clMjB3cGJfcm93JTIwdmNfcm93LWZsdWlkJTIwZmFkcy1hbmZyYWdlLXNlY3Rpb24lMjIlM0UlMEElM0NkaXYlMjBjbGFzcyUzRCUyMndwYl9jb2x1bW4lMjB2Y19jb2x1bW5fY29udGFpbmVyJTIwdmNfY29sLXNtLTEyJTIyJTNFJTBBJTNDZGl2JTIwY2xhc3MlM0QlMjJ2Y19jb2x1bW4taW5uZXIlMjIlM0UlMEElM0NkaXYlMjBjbGFzcyUzRCUyMndwYl93cmFwcGVyJTIyJTNFJTNDc2VjdGlvbiUyMGNsYXNzJTNEJTIyY29udGVudC1pbm5lci0yJTIwcGItMCUyMiUzRSUwQSUzQ2RpdiUyMGNsYXNzJTNEJTIyY29udGFpbmVyJTIyJTNFJTBBJTNDZGl2JTIwY2xhc3MlM0QlMjJyb3clMjIlM0UlMEElM0NkaXYlMjBjbGFzcyUzRCUyMmNvbC0xMiUyMiUzRSUwQSUzQ2RpdiUyMGNsYXNzJTNEJTIyc2VjdGlvbi1oZWFkJTIwc3R5bGUtMSUyMG1iLTAlMjIlM0UlMEElM0NoMiUyMGNsYXNzJTNEJTIydGl0bGUlMjIlM0VBY3F1aXNpdGlvbiUyMGRlJTIwY2xpZW50cyUyMCVDMyVBMCUyMGxhJTIwcGVyZm9ybWFuY2UlM0MlMkZoMiUzRSUwQSUzQyUyRmRpdiUzRSUwQSUzQyUyRmRpdiUzRSUwQSUzQ2RpdiUyMGNsYXNzJTNEJTIyY29sLWxnLTglMjIlM0UlMEElM0NkaXYlMjBjbGFzcyUzRCUyMnJvdyUyMiUzRSUwQSUzQ2RpdiUyMGNsYXNzJTNEJTIyY29sLTEyJTIwbWItNCUyMG1iLWxnLTMlMjIlM0UlMEElMEFOb3VzJTIwdm91cyUyMGFpZG9ucyUyMCVDMyVBMCUyMGFjcXUlQzMlQTlyaXIlMjBkZSUyMG5vdXZlYXV4JTIwJUMzJUE5ZGl0ZXVycyUyMHF1aSUyMHZvbnQlMjBwcm9tb3V2b2lyJTIwdm90cmUlMjBtYXJxdWUlMjBldCUyMHZvdXMlMjBhcHBvcnRlciUyMGRlJTIwbm91dmVhdXglMjBjbGllbnRzJTIwcXVhbGlmaSVDMyVBOXMlMkMlMjAlQzMlQTAlMjBsYSUyMHBlcmZvcm1hbmNlJTIwYWZpbiUyMGRlJTIwbWF4aW1pc2VyJTIwdm90cmUlMjBST0kuJTBBJTBBTWVyY2klMjBkZSUyMHJlbXBsaXIlMjBsZSUyMGZvcm11bGFpcmUlMjBlbiUyMGluZGlxdWFudCUyMHZvcyUyMGFyZ3VtZW50cyUyMHByaW5jaXBhdXglMjBkZSUyMHZlbnRlJTIwZXQlMjBsZXMlMjBwYXlzJTIwZGFucyUyMGxlc3F1ZWxzJTIwdm91cyUyMHNvdWhhaXRleiUyMHByb21vdXZvaXIlMjB2b3RyZSUyMHByb2R1aXQuJTIwTm91cyUyMHZvdXMlMjBjb250YWN0ZXJvbnMlMjBwb3VyJTIwZGlzY3V0ZXIlMjBkZSUyMGxhJTIwbWVpbGxldXJlJTIwc3RyYXQlQzMlQTlnaWUlMjBkJTI3YWNxdWlzaXRpb24uJTBBJTBBJTNDJTJGZGl2JTNFJTBBJTNDZGl2JTIwY2xhc3MlM0QlMjJjb2wtMTIlMjBmYWRzLXJlZ2lzdGVyLWlmcmFtZSUyMG1iLTIlMjIlM0UlMEElM0NkaXYlMjBjbGFzcyUzRCUyMnNlY3Rpb24taGVhZCUyMHN0eWxlLTElMjIlMjBzdHlsZSUzRCUyMm1hcmdpbi1ib3R0b20lM0ElMjAwcHglMjAlMjFpbXBvcnRhbnQlM0IlMjIlM0UlMEElM0NoMiUyMGNsYXNzJTNEJTIydGl0bGUlMjIlMjBzdHlsZSUzRCUyMm1hcmdpbi1ib3R0b20lM0ElMjAwcHglMjAlMjFpbXBvcnRhbnQlM0IlMjIlM0VEZW1hbmRlJTIwZGUlMjBwYXJ0ZW5hcmlhdCUzQyUyRmgyJTNFJTBBJTNDJTJGZGl2JTNFJTBBJTNDZGl2JTIwY2xhc3MlM0QlMjJtYi01JTIwbWItbGctMCUyMG10LTQlMjIlM0UlMEElM0NhJTIwaHJlZiUzRCUyMmh0dHBzJTNBJTJGJTJGcmVjZXB0aW9uLmZpbmFuY2VhZHMubmV0JTJGYWR2ZXJ0aXNlciUyRmFuZnJhZ2UlM0ZsYW5ndWFnZSUzRGZyJTI2Y291bnRyeSUzRGZyJTIyJTIwdGFyZ2V0JTNEJTIyX2JsYW5rJTIyJTIwY2xhc3MlM0QlMjJidG4lMjBidG4tcHJpbWFyeSUyMiUzRSUwQVJlbnNlaWduZXotdm91cyUyMG1haW50ZW5hbnQlMjBzYW5zJTIwZW5nYWdlbWVudCUzQ2klMjBjbGFzcyUzRCUyMmZhJTIwZmEtYW5nbGUtcmlnaHQlMjBtLWwxMCUyMiUzRSUzQyUyRmklM0UlMEElM0MlMkZhJTNFJTBBJTNDJTJGZGl2JTNFJTBBJTNDJTJGZGl2JTNFJTBBJTNDJTJGZGl2JTNFJTBBJTNDJTJGZGl2JTNFJTBBJTNDZGl2JTIwY2xhc3MlM0QlMjJjb2wtbGctNCUyMGZhZHMtYW5mcmFnZS1zaWRlYmFyJTIwbXQtNSUyMG10LWxnLTAlMjIlM0UlMEElM0NkaXYlMjBjbGFzcyUzRCUyMmNvbC0xMiUyMGZhZHMtcmVnaXN0ZXItdm9ydGVpbGUlMjIlMjBzdHlsZSUzRCUyMnBhZGRpbmctdG9wJTNBJTIwMjVweCUyMCUyMWltcG9ydGFudCUzQiUyMiUzRSUwQSUzQ2RpdiUyMGNsYXNzJTNEJTIycm93JTIyJTNFJTBBJTNDZGl2JTIwY2xhc3MlM0QlMjJjb2wtMTIlMjBjb2wtbWQtNiUyMGNvbC1sZy0xMiUyMG1iLTMlMjIlM0UlMEElM0NkaXYlMjBjbGFzcyUzRCUyMmljb24tYngtd3JhcGVyJTIwc3R5bGUtNiUyMGxlZnQlMjBwLTAlMjBkLWZsZXglMjBhbGlnbi1pdGVtcy1jZW50ZXIlMjIlM0UlMEElM0NkaXYlMjBjbGFzcyUzRCUyMmljb24tYngtc20lMjBiZy13aGl0ZSUyMG1iLTAlMjIlM0UlM0NhJTIwY2xhc3MlM0QlMjJpY29uLWNlbGwlMjB0ZXh0LXByaW1hcnklMjIlM0UlMEElM0NpJTIwY2xhc3MlM0QlMjJmYSUyMGZsYXRpY29uLWNoZWNrJTIwdGV4dC1wcmltYXJ5JTIyJTNFJTNDJTJGaSUzRSUwQSUzQyUyRmElM0UlM0MlMkZkaXYlM0UlMEElM0NkaXYlMjBjbGFzcyUzRCUyMmljb24tY29udGVudCUyMiUzRSUwQSUzQ2g0JTIwY2xhc3MlM0QlMjJkbGFiLXRpdGxlJTIwbWItMCUyMiUzRVJlbnRhYmlsaXQlQzMlQTklMjBtYXhpbWFsZSUzQyUyRmg0JTNFJTBBJTNDJTJGZGl2JTNFJTBBJTNDJTJGZGl2JTNFJTBBJTNDJTJGZGl2JTNFJTBBJTNDZGl2JTIwY2xhc3MlM0QlMjJjb2wtMTIlMjBjb2wtbWQtNiUyMGNvbC1sZy0xMiUyMG1iLTMlMjIlM0UlMEElM0NkaXYlMjBjbGFzcyUzRCUyMmljb24tYngtd3JhcGVyJTIwc3R5bGUtNiUyMGxlZnQlMjBwLTAlMjBkLWZsZXglMjBhbGlnbi1pdGVtcy1jZW50ZXIlMjIlM0UlMEElM0NkaXYlMjBjbGFzcyUzRCUyMmljb24tYngtc20lMjBiZy13aGl0ZSUyMG1iLTAlMjIlM0UlM0NhJTIwY2xhc3MlM0QlMjJpY29uLWNlbGwlMjB0ZXh0LXByaW1hcnklMjIlM0UlMEElM0NpJTIwY2xhc3MlM0QlMjJmYSUyMGZsYXRpY29uLXBpZS1jaGFydHMlMjB0ZXh0LXByaW1hcnklMjIlM0UlM0MlMkZpJTNFJTBBJTNDJTJGYSUzRSUzQyUyRmRpdiUzRSUwQSUzQ2RpdiUyMGNsYXNzJTNEJTIyaWNvbi1jb250ZW50JTIyJTNFJTBBJTNDaDQlMjBjbGFzcyUzRCUyMmRsYWItdGl0bGUlMjBtYi0wJTIyJTNFUiVDMyVBOXNlYXUlMjAlQzMlQTAlMjBncmFuZGUlMjBhdWRpZW5jZSUzQyUyRmg0JTNFJTBBJTNDJTJGZGl2JTNFJTBBJTNDJTJGZGl2JTNFJTBBJTNDJTJGZGl2JTNFJTBBJTNDZGl2JTIwY2xhc3MlM0QlMjJjb2wtMTIlMjBjb2wtbWQtNiUyMGNvbC1sZy0xMiUyMG1iLTMlMjIlM0UlMEElM0NkaXYlMjBjbGFzcyUzRCUyMmljb24tYngtd3JhcGVyJTIwc3R5bGUtNiUyMGxlZnQlMjBwLTAlMjBkLWZsZXglMjBhbGlnbi1pdGVtcy1jZW50ZXIlMjIlM0UlMEElM0NkaXYlMjBjbGFzcyUzRCUyMmljb24tYngtc20lMjBiZy13aGl0ZSUyMG1iLTAlMjIlM0UlM0NhJTIwY2xhc3MlM0QlMjJpY29uLWNlbGwlMjB0ZXh0LXByaW1hcnklMjIlM0UlMEElM0NpJTIwY2xhc3MlM0QlMjJmYSUyMGZsYXRpY29uLWxpbmUtZ3JhcGglMjB0ZXh0LXByaW1hcnklMjIlM0UlM0MlMkZpJTNFJTBBJTNDJTJGYSUzRSUzQyUyRmRpdiUzRSUwQSUzQ2RpdiUyMGNsYXNzJTNEJTIyaWNvbi1jb250ZW50JTIyJTNFJTBBJTNDaDQlMjBjbGFzcyUzRCUyMmRsYWItdGl0bGUlMjBtYi0wJTIyJTNFUyVDMyVBOWN1cml0JUMzJUE5JTIwJTI2YW1wJTNCJTIwY29uZm9ybWl0JUMzJUE5JTNDJTJGaDQlM0UlMEElM0MlMkZkaXYlM0UlMEElM0MlMkZkaXYlM0UlMEElM0MlMkZkaXYlM0UlMEElM0NkaXYlMjBjbGFzcyUzRCUyMmNvbC0xMiUyMGNvbC1tZC02JTIwY29sLWxnLTEyJTIwbWItMyUyMiUzRSUwQSUzQ2RpdiUyMGNsYXNzJTNEJTIyaWNvbi1ieC13cmFwZXIlMjBzdHlsZS02JTIwbGVmdCUyMHAtMCUyMGQtZmxleCUyMGFsaWduLWl0ZW1zLWNlbnRlciUyMiUzRSUwQSUzQ2RpdiUyMGNsYXNzJTNEJTIyaWNvbi1ieC1zbSUyMGJnLXdoaXRlJTIwbWItMCUyMiUzRSUzQ2ElMjBjbGFzcyUzRCUyMmljb24tY2VsbCUyMHRleHQtcHJpbWFyeSUyMiUzRSUwQSUzQ2klMjBjbGFzcyUzRCUyMmZhJTIwZmxhdGljb24tcm9ja2V0JTIwdGV4dC1wcmltYXJ5JTIyJTNFJTNDJTJGaSUzRSUwQSUzQyUyRmElM0UlM0MlMkZkaXYlM0UlMEElM0NkaXYlMjBjbGFzcyUzRCUyMmljb24tY29udGVudCUyMiUzRSUwQSUzQ2g0JTIwY2xhc3MlM0QlMjJkbGFiLXRpdGxlJTIwbWItMCUyMiUzRVN1cHBvcnQlMjB0ZWNobmlxdWUlMjBkZSUyMHF1YWxpdCVDMyVBOSUzQyUyRmg0JTNFJTBBJTNDJTJGZGl2JTNFJTBBJTNDJTJGZGl2JTNFJTBBJTNDJTJGZGl2JTNFJTBBJTNDZGl2JTIwY2xhc3MlM0QlMjJjb2wtMTIlMjBjb2wtbWQtNiUyMGNvbC1sZy0xMiUyMiUzRSUwQSUzQ2RpdiUyMGNsYXNzJTNEJTIyaWNvbi1ieC13cmFwZXIlMjBzdHlsZS02JTIwbGVmdCUyMHAtMCUyMGQtZmxleCUyMGFsaWduLWl0ZW1zLWNlbnRlciUyMiUzRSUwQSUzQ2RpdiUyMGNsYXNzJTNEJTIyaWNvbi1ieC1zbSUyMGJnLXdoaXRlJTIwbWItMCUyMiUzRSUzQ2ElMjBjbGFzcyUzRCUyMmljb24tY2VsbCUyMHRleHQtcHJpbWFyeSUyMiUzRSUwQSUzQ2klMjBjbGFzcyUzRCUyMmZhJTIwZmxhdGljb24tdXNlciUyMHRleHQtcHJpbWFyeSUyMiUzRSUzQyUyRmklM0UlMEElM0MlMkZhJTNFJTNDJTJGZGl2JTNFJTBBJTNDZGl2JTIwY2xhc3MlM0QlMjJpY29uLWNvbnRlbnQlMjIlM0UlMEElM0NoNCUyMGNsYXNzJTNEJTIyZGxhYi10aXRsZSUyMG1iLTAlMjIlM0VBY2NvdW50JTIwbWFuYWdlbWVudCUyMGQlQzMlQTlkaSVDMyVBOSUzQyUyRmg0JTNFJTBBJTNDJTJGZGl2JTNFJTBBJTNDJTJGZGl2JTNFJTBBJTNDJTJGZGl2JTNFJTBBJTNDJTJGZGl2JTNFJTBBJTNDJTJGZGl2JTNFJTBBJTNDJTJGZGl2JTNFJTBBJTNDJTJGZGl2JTNFJTBBJTNDJTJGZGl2JTNFJTBBJTNDJTJGZGl2JTNFJTBBJTNDJTJGc2VjdGlvbiUzRSUzQyUyRmRpdiUzRSUwQSUzQyUyRmRpdiUzRSUwQSUzQyUyRmRpdiUzRSUwQSUzQyUyRmRpdiUzRQ==[\/vc_raw_html][\/vc_column][\/vc_row]<\/p>\n","protected":false},"excerpt":{"rendered":"<p>[vc_row][vc_column][vc_raw_html]JTNDZGl2JTIwY2xhc3MlM0QlMjJ2Y19yb3clMjB3cGJfcm93JTIwdmNfcm93LWZsdWlkJTIwZmFkcy1hbmZyYWdlLXNlY3Rpb24lMjIlM0UlMEElM0NkaXYlMjBjbGFzcyUzRCUyMndwYl9jb2x1bW4lMjB2Y19jb2x1bW5fY29udGFpbmVyJTIwdmNfY29sLXNtLTEyJTIyJTNFJTBBJTNDZGl2JTIwY2xhc3MlM0QlMjJ2Y19jb2x1bW4taW5uZXIlMjIlM0UlMEElM0NkaXYlMjBjbGFzcyUzRCUyMndwYl93cmFwcGVyJTIyJTNFJTNDc2VjdGlvbiUyMGNsYXNzJTNEJTIyY29udGVudC1pbm5lci0yJTIwcGItMCUyMiUzRSUwQSUzQ2RpdiUyMGNsYXNzJTNEJTIyY29udGFpbmVyJTIyJTNFJTBBJTNDZGl2JTIwY2xhc3MlM0QlMjJyb3clMjIlM0UlMEElM0NkaXYlMjBjbGFzcyUzRCUyMmNvbC0xMiUyMiUzRSUwQSUzQ2RpdiUyMGNsYXNzJTNEJTIyc2VjdGlvbi1oZWFkJTIwc3R5bGUtMSUyMG1iLTAlMjIlM0UlMEElM0NoMiUyMGNsYXNzJTNEJTIydGl0bGUlMjIlM0VBY3F1aXNpdGlvbiUyMGRlJTIwY2xpZW50cyUyMCVDMyVBMCUyMGxhJTIwcGVyZm9ybWFuY2UlM0MlMkZoMiUzRSUwQSUzQyUyRmRpdiUzRSUwQSUzQyUyRmRpdiUzRSUwQSUzQ2RpdiUyMGNsYXNzJTNEJTIyY29sLWxnLTglMjIlM0UlMEElM0NkaXYlMjBjbGFzcyUzRCUyMnJvdyUyMiUzRSUwQSUzQ2RpdiUyMGNsYXNzJTNEJTIyY29sLTEyJTIwbWItNCUyMG1iLWxnLTMlMjIlM0UlMEElMEFOb3VzJTIwdm91cyUyMGFpZG9ucyUyMCVDMyVBMCUyMGFjcXUlQzMlQTlyaXIlMjBkZSUyMG5vdXZlYXV4JTIwJUMzJUE5ZGl0ZXVycyUyMHF1aSUyMHZvbnQlMjBwcm9tb3V2b2lyJTIwdm90cmUlMjBtYXJxdWUlMjBldCUyMHZvdXMlMjBhcHBvcnRlciUyMGRlJTIwbm91dmVhdXglMjBjbGllbnRzJTIwcXVhbGlmaSVDMyVBOXMlMkMlMjAlQzMlQTAlMjBsYSUyMHBlcmZvcm1hbmNlJTIwYWZpbiUyMGRlJTIwbWF4aW1pc2VyJTIwdm90cmUlMjBST0kuJTBBJTBBTWVyY2klMjBkZSUyMHJlbXBsaXIlMjBsZSUyMGZvcm11bGFpcmUlMjBlbiUyMGluZGlxdWFudCUyMHZvcyUyMGFyZ3VtZW50cyUyMHByaW5jaXBhdXglMjBkZSUyMHZlbnRlJTIwZXQlMjBsZXMlMjBwYXlzJTIwZGFucyUyMGxlc3F1ZWxzJTIwdm91cyUyMHNvdWhhaXRleiUyMHByb21vdXZvaXIlMjB2b3RyZSUyMHByb2R1aXQuJTIwTm91cyUyMHZvdXMlMjBjb250YWN0ZXJvbnMlMjBwb3VyJTIwZGlzY3V0ZXIlMjBkZSUyMGxhJTIwbWVpbGxldXJlJTIwc3RyYXQlQzMlQTlnaWUlMjBkJTI3YWNxdWlzaXRpb24uJTBBJTBBJTNDJTJGZGl2JTNFJTBBJTNDZGl2JTIwY2xhc3MlM0QlMjJjb2wtMTIlMjBmYWRzLXJlZ2lzdGVyLWlmcmFtZSUyMG1iLTIlMjIlM0UlMEElM0NkaXYlMjBjbGFzcyUzRCUyMnNlY3Rpb24taGVhZCUyMHN0eWxlLTElMjIlMjBzdHlsZSUzRCUyMm1hcmdpbi1ib3R0b20lM0ElMjAwcHglMjAlMjFpbXBvcnRhbnQlM0IlMjIlM0UlMEElM0NoMiUyMGNsYXNzJTNEJTIydGl0bGUlMjIlMjBzdHlsZSUzRCUyMm1hcmdpbi1ib3R0b20lM0ElMjAwcHglMjAlMjFpbXBvcnRhbnQlM0IlMjIlM0VEZW1hbmRlJTIwZGUlMjBwYXJ0ZW5hcmlhdCUzQyUyRmgyJTNFJTBBJTNDJTJGZGl2JTNFJTBBJTNDZGl2JTIwY2xhc3MlM0QlMjJtYi01JTIwbWItbGctMCUyMG10LTQlMjIlM0UlMEElM0NhJTIwaHJlZiUzRCUyMmh0dHBzJTNBJTJGJTJGcmVjZXB0aW9uLmZpbmFuY2VhZHMubmV0JTJGYWR2ZXJ0aXNlciUyRmFuZnJhZ2UlM0ZsYW5ndWFnZSUzRGZyJTI2Y291bnRyeSUzRGZyJTIyJTIwdGFyZ2V0JTNEJTIyX2JsYW5rJTIyJTIwY2xhc3MlM0QlMjJidG4lMjBidG4tcHJpbWFyeSUyMiUzRSUwQVJlbnNlaWduZXotdm91cyUyMG1haW50ZW5hbnQlMjBzYW5zJTIwZW5nYWdlbWVudCUzQ2klMjBjbGFzcyUzRCUyMmZhJTIwZmEtYW5nbGUtcmlnaHQlMjBtLWwxMCUyMiUzRSUzQyUyRmklM0UlMEElM0MlMkZhJTNFJTBBJTNDJTJGZGl2JTNFJTBBJTNDJTJGZGl2JTNFJTBBJTNDJTJGZGl2JTNFJTBBJTNDJTJGZGl2JTNFJTBBJTNDZGl2JTIwY2xhc3MlM0QlMjJjb2wtbGctNCUyMGZhZHMtYW5mcmFnZS1zaWRlYmFyJTIwbXQtNSUyMG10LWxnLTAlMjIlM0UlMEElM0NkaXYlMjBjbGFzcyUzRCUyMmNvbC0xMiUyMGZhZHMtcmVnaXN0ZXItdm9ydGVpbGUlMjIlMjBzdHlsZSUzRCUyMnBhZGRpbmctdG9wJTNBJTIwMjVweCUyMCUyMWltcG9ydGFudCUzQiUyMiUzRSUwQSUzQ2RpdiUyMGNsYXNzJTNEJTIycm93JTIyJTNFJTBBJTNDZGl2JTIwY2xhc3MlM0QlMjJjb2wtMTIlMjBjb2wtbWQtNiUyMGNvbC1sZy0xMiUyMG1iLTMlMjIlM0UlMEElM0NkaXYlMjBjbGFzcyUzRCUyMmljb24tYngtd3JhcGVyJTIwc3R5bGUtNiUyMGxlZnQlMjBwLTAlMjBkLWZsZXglMjBhbGlnbi1pdGVtcy1jZW50ZXIlMjIlM0UlMEElM0NkaXYlMjBjbGFzcyUzRCUyMmljb24tYngtc20lMjBiZy13aGl0ZSUyMG1iLTAlMjIlM0UlM0NhJTIwY2xhc3MlM0QlMjJpY29uLWNlbGwlMjB0ZXh0LXByaW1hcnklMjIlM0UlMEElM0NpJTIwY2xhc3MlM0QlMjJmYSUyMGZsYXRpY29uLWNoZWNrJTIwdGV4dC1wcmltYXJ5JTIyJTNFJTNDJTJGaSUzRSUwQSUzQyUyRmElM0UlM0MlMkZkaXYlM0UlMEElM0NkaXYlMjBjbGFzcyUzRCUyMmljb24tY29udGVudCUyMiUzRSUwQSUzQ2g0JTIwY2xhc3MlM0QlMjJkbGFiLXRpdGxlJTIwbWItMCUyMiUzRVJlbnRhYmlsaXQlQzMlQTklMjBtYXhpbWFsZSUzQyUyRmg0JTNFJTBBJTNDJTJGZGl2JTNFJTBBJTNDJTJGZGl2JTNFJTBBJTNDJTJGZGl2JTNFJTBBJTNDZGl2JTIwY2xhc3MlM0QlMjJjb2wtMTIlMjBjb2wtbWQtNiUyMGNvbC1sZy0xMiUyMG1iLTMlMjIlM0UlMEElM0NkaXYlMjBjbGFzcyUzRCUyMmljb24tYngtd3JhcGVyJTIwc3R5bGUtNiUyMGxlZnQlMjBwLTAlMjBkLWZsZXglMjBhbGlnbi1pdGVtcy1jZW50ZXIlMjIlM0UlMEElM0NkaXYlMjBjbGFzcyUzRCUyMmljb24tYngtc20lMjBiZy13aGl0ZSUyMG1iLTAlMjIlM0UlM0NhJTIwY2xhc3MlM0QlMjJpY29uLWNlbGwlMjB0ZXh0LXByaW1hcnklMjIlM0UlMEElM0NpJTIwY2xhc3MlM0QlMjJmYSUyMGZsYXRpY29uLXBpZS1jaGFydHMlMjB0ZXh0LXByaW1hcnklMjIlM0UlM0MlMkZpJTNFJTBBJTNDJTJGYSUzRSUzQyUyRmRpdiUzRSUwQSUzQ2RpdiUyMGNsYXNzJTNEJTIyaWNvbi1jb250ZW50JTIyJTNFJTBBJTNDaDQlMjBjbGFzcyUzRCUyMmRsYWItdGl0bGUlMjBtYi0wJTIyJTNFUiVDMyVBOXNlYXUlMjAlQzMlQTAlMjBncmFuZGUlMjBhdWRpZW5jZSUzQyUyRmg0JTNFJTBBJTNDJTJGZGl2JTNFJTBBJTNDJTJGZGl2JTNFJTBBJTNDJTJGZGl2JTNFJTBBJTNDZGl2JTIwY2xhc3MlM0QlMjJjb2wtMTIlMjBjb2wtbWQtNiUyMGNvbC1sZy0xMiUyMG1iLTMlMjIlM0UlMEElM0NkaXYlMjBjbGFzcyUzRCUyMmljb24tYngtd3JhcGVyJTIwc3R5bGUtNiUyMGxlZnQlMjBwLTAlMjBkLWZsZXglMjBhbGlnbi1pdGVtcy1jZW50ZXIlMjIlM0UlMEElM0NkaXYlMjBjbGFzcyUzRCUyMmljb24tYngtc20lMjBiZy13aGl0ZSUyMG1iLTAlMjIlM0UlM0NhJTIwY2xhc3MlM0QlMjJpY29uLWNlbGwlMjB0ZXh0LXByaW1hcnklMjIlM0UlMEElM0NpJTIwY2xhc3MlM0QlMjJmYSUyMGZsYXRpY29uLWxpbmUtZ3JhcGglMjB0ZXh0LXByaW1hcnklMjIlM0UlM0MlMkZpJTNFJTBBJTNDJTJGYSUzRSUzQyUyRmRpdiUzRSUwQSUzQ2RpdiUyMGNsYXNzJTNEJTIyaWNvbi1jb250ZW50JTIyJTNFJTBBJTNDaDQlMjBjbGFzcyUzRCUyMmRsYWItdGl0bGUlMjBtYi0wJTIyJTNFUyVDMyVBOWN1cml0JUMzJUE5JTIwJTI2YW1wJTNCJTIwY29uZm9ybWl0JUMzJUE5JTNDJTJGaDQlM0UlMEElM0MlMkZkaXYlM0UlMEElM0MlMkZkaXYlM0UlMEElM0MlMkZkaXYlM0UlMEElM0NkaXYlMjBjbGFzcyUzRCUyMmNvbC0xMiUyMGNvbC1tZC02JTIwY29sLWxnLTEyJTIwbWItMyUyMiUzRSUwQSUzQ2RpdiUyMGNsYXNzJTNEJTIyaWNvbi1ieC13cmFwZXIlMjBzdHlsZS02JTIwbGVmdCUyMHAtMCUyMGQtZmxleCUyMGFsaWduLWl0ZW1zLWNlbnRlciUyMiUzRSUwQSUzQ2RpdiUyMGNsYXNzJTNEJTIyaWNvbi1ieC1zbSUyMGJnLXdoaXRlJTIwbWItMCUyMiUzRSUzQ2ElMjBjbGFzcyUzRCUyMmljb24tY2VsbCUyMHRleHQtcHJpbWFyeSUyMiUzRSUwQSUzQ2klMjBjbGFzcyUzRCUyMmZhJTIwZmxhdGljb24tcm9ja2V0JTIwdGV4dC1wcmltYXJ5JTIyJTNFJTNDJTJGaSUzRSUwQSUzQyUyRmElM0UlM0MlMkZkaXYlM0UlMEElM0NkaXYlMjBjbGFzcyUzRCUyMmljb24tY29udGVudCUyMiUzRSUwQSUzQ2g0JTIwY2xhc3MlM0QlMjJkbGFiLXRpdGxlJTIwbWItMCUyMiUzRVN1cHBvcnQlMjB0ZWNobmlxdWUlMjBkZSUyMHF1YWxpdCVDMyVBOSUzQyUyRmg0JTNFJTBBJTNDJTJGZGl2JTNFJTBBJTNDJTJGZGl2JTNFJTBBJTNDJTJGZGl2JTNFJTBBJTNDZGl2JTIwY2xhc3MlM0QlMjJjb2wtMTIlMjBjb2wtbWQtNiUyMGNvbC1sZy0xMiUyMiUzRSUwQSUzQ2RpdiUyMGNsYXNzJTNEJTIyaWNvbi1ieC13cmFwZXIlMjBzdHlsZS02JTIwbGVmdCUyMHAtMCUyMGQtZmxleCUyMGFsaWduLWl0ZW1zLWNlbnRlciUyMiUzRSUwQSUzQ2RpdiUyMGNsYXNzJTNEJTIyaWNvbi1ieC1zbSUyMGJnLXdoaXRlJTIwbWItMCUyMiUzRSUzQ2ElMjBjbGFzcyUzRCUyMmljb24tY2VsbCUyMHRleHQtcHJpbWFyeSUyMiUzRSUwQSUzQ2klMjBjbGFzcyUzRCUyMmZhJTIwZmxhdGljb24tdXNlciUyMHRleHQtcHJpbWFyeSUyMiUzRSUzQyUyRmklM0UlMEElM0MlMkZhJTNFJTNDJTJGZGl2JTNFJTBBJTNDZGl2JTIwY2xhc3MlM0QlMjJpY29uLWNvbnRlbnQlMjIlM0UlMEElM0NoNCUyMGNsYXNzJTNEJTIyZGxhYi10aXRsZSUyMG1iLTAlMjIlM0VBY2NvdW50JTIwbWFuYWdlbWVudCUyMGQlQzMlQTlkaSVDMyVBOSUzQyUyRmg0JTNFJTBBJTNDJTJGZGl2JTNFJTBBJTNDJTJGZGl2JTNFJTBBJTNDJTJGZGl2JTNFJTBBJTNDJTJGZGl2JTNFJTBBJTNDJTJGZGl2JTNFJTBBJTNDJTJGZGl2JTNFJTBBJTNDJTJGZGl2JTNFJTBBJTNDJTJGZGl2JTNFJTBBJTNDJTJGZGl2JTNFJTBBJTNDJTJGc2VjdGlvbiUzRSUzQyUyRmRpdiUzRSUwQSUzQyUyRmRpdiUzRSUwQSUzQyUyRmRpdiUzRSUwQSUzQyUyRmRpdiUzRQ==[\/vc_raw_html][\/vc_column][\/vc_row]<\/p>\n","protected":false},"author":16,"featured_media":0,"parent":14801,"menu_order":0,"comment_status":"closed","ping_status":"closed","template":"","meta":{"_mi_skip_tracking":false,"_monsterinsights_sitenote_active":false,"_monsterinsights_sitenote_note":"","_monsterinsights_sitenote_category":0,"footnotes":""},"yoast_head":"<!-- This site is optimized with the Yoast SEO plugin v22.6 - https:\/\/yoast.com\/wordpress\/plugins\/seo\/ -->\n<title>Demande de collaboration &#8211; D\u00e9marrez un programme d&#039;affiliation avec financeAds<\/title>\n<meta name=\"description\" content=\"Acquisition de nouveaux clients \u00e0 la performance. Sans risque, sans effort. Profitez d&#039;un service de premi\u00e8re classe et de g\u00e9nerez de nombreux nouveaux clients pour votre marque.\" \/>\n<meta name=\"robots\" content=\"index, follow, max-snippet:-1, max-image-preview:large, max-video-preview:-1\" \/>\n<link rel=\"canonical\" href=\"https:\/\/www.financeads.com\/fr\/annonceurs\/enquiries\/\" \/>\n<meta property=\"og:locale\" content=\"fr_FR\" \/>\n<meta property=\"og:type\" content=\"article\" \/>\n<meta property=\"og:title\" content=\"Demande de collaboration &#8211; D\u00e9marrez un programme d&#039;affiliation avec financeAds\" \/>\n<meta property=\"og:description\" content=\"Acquisition de nouveaux clients \u00e0 la performance. Sans risque, sans effort. Profitez d&#039;un service de premi\u00e8re classe et de g\u00e9nerez de nombreux nouveaux clients pour votre marque.\" \/>\n<meta property=\"og:url\" content=\"https:\/\/www.financeads.com\/fr\/annonceurs\/enquiries\/\" \/>\n<meta property=\"og:site_name\" content=\"financeAds\" \/>\n<meta property=\"article:publisher\" content=\"https:\/\/www.facebook.com\/financeAds\/\" \/>\n<meta property=\"article:modified_time\" content=\"2022-02-21T13:33:10+00:00\" \/>\n<meta name=\"twitter:card\" content=\"summary_large_image\" \/>\n<meta name=\"twitter:site\" content=\"@financeads\" \/>\n<meta name=\"twitter:label1\" content=\"Est. reading time\" \/>\n\t<meta name=\"twitter:data1\" content=\"1 minute\" \/>\n<script type=\"application\/ld+json\" class=\"yoast-schema-graph\">{\"@context\":\"https:\/\/schema.org\",\"@graph\":[{\"@type\":\"WebPage\",\"@id\":\"https:\/\/www.financeads.com\/fr\/annonceurs\/enquiries\/\",\"url\":\"https:\/\/www.financeads.com\/fr\/annonceurs\/enquiries\/\",\"name\":\"Demande de collaboration &#8211; D\u00e9marrez un programme d'affiliation avec financeAds\",\"isPartOf\":{\"@id\":\"https:\/\/www.financeads.com\/#website\"},\"datePublished\":\"2020-11-25T16:24:14+00:00\",\"dateModified\":\"2022-02-21T13:33:10+00:00\",\"description\":\"Acquisition de nouveaux clients \u00e0 la performance. Sans risque, sans effort. Profitez d'un service de premi\u00e8re classe et de g\u00e9nerez de nombreux nouveaux clients pour votre marque.\",\"breadcrumb\":{\"@id\":\"https:\/\/www.financeads.com\/fr\/annonceurs\/enquiries\/#breadcrumb\"},\"inLanguage\":\"fr-FR\",\"potentialAction\":[{\"@type\":\"ReadAction\",\"target\":[\"https:\/\/www.financeads.com\/fr\/annonceurs\/enquiries\/\"]}]},{\"@type\":\"BreadcrumbList\",\"@id\":\"https:\/\/www.financeads.com\/fr\/annonceurs\/enquiries\/#breadcrumb\",\"itemListElement\":[{\"@type\":\"ListItem\",\"position\":1,\"name\":\"Home\",\"item\":\"https:\/\/www.financeads.com\/fr\/\"},{\"@type\":\"ListItem\",\"position\":2,\"name\":\"Annonceurs\",\"item\":\"https:\/\/www.financeads.com\/fr\/annonceurs\/\"},{\"@type\":\"ListItem\",\"position\":3,\"name\":\"Demande de collaboration\"}]},{\"@type\":\"WebSite\",\"@id\":\"https:\/\/www.financeads.com\/#website\",\"url\":\"https:\/\/www.financeads.com\/\",\"name\":\"financeAds\",\"description\":\"Das Premium Affiliate Netzwerk f\u00fcr Banken, Versicherungen und Fintechs\",\"publisher\":{\"@id\":\"https:\/\/www.financeads.com\/#organization\"},\"potentialAction\":[{\"@type\":\"SearchAction\",\"target\":{\"@type\":\"EntryPoint\",\"urlTemplate\":\"https:\/\/www.financeads.com\/?s={search_term_string}\"},\"query-input\":\"required name=search_term_string\"}],\"inLanguage\":\"fr-FR\"},{\"@type\":\"Organization\",\"@id\":\"https:\/\/www.financeads.com\/#organization\",\"name\":\"financeAds\",\"url\":\"https:\/\/www.financeads.com\/\",\"logo\":{\"@type\":\"ImageObject\",\"inLanguage\":\"fr-FR\",\"@id\":\"https:\/\/www.financeads.com\/#\/schema\/logo\/image\/\",\"url\":\"https:\/\/www.financeads.com\/wp-content\/uploads\/2021\/03\/financeAds-Logo-2.png\",\"contentUrl\":\"https:\/\/www.financeads.com\/wp-content\/uploads\/2021\/03\/financeAds-Logo-2.png\",\"width\":210,\"height\":70,\"caption\":\"financeAds\"},\"image\":{\"@id\":\"https:\/\/www.financeads.com\/#\/schema\/logo\/image\/\"},\"sameAs\":[\"https:\/\/www.facebook.com\/financeAds\/\",\"https:\/\/x.com\/financeads\",\"https:\/\/de.linkedin.com\/company\/financeads\",\"https:\/\/www.youtube.com\/channel\/UCuFACoL9JMnJ2Dh66qHlhDQ\"]}]}<\/script>\n<!-- \/ Yoast SEO plugin. -->","yoast_head_json":{"title":"Demande de collaboration &#8211; D\u00e9marrez un programme d'affiliation avec financeAds","description":"Acquisition de nouveaux clients \u00e0 la performance. Sans risque, sans effort. Profitez d'un service de premi\u00e8re classe et de g\u00e9nerez de nombreux nouveaux clients pour votre marque.","robots":{"index":"index","follow":"follow","max-snippet":"max-snippet:-1","max-image-preview":"max-image-preview:large","max-video-preview":"max-video-preview:-1"},"canonical":"https:\/\/www.financeads.com\/fr\/annonceurs\/enquiries\/","og_locale":"fr_FR","og_type":"article","og_title":"Demande de collaboration &#8211; D\u00e9marrez un programme d'affiliation avec financeAds","og_description":"Acquisition de nouveaux clients \u00e0 la performance. Sans risque, sans effort. Profitez d'un service de premi\u00e8re classe et de g\u00e9nerez de nombreux nouveaux clients pour votre marque.","og_url":"https:\/\/www.financeads.com\/fr\/annonceurs\/enquiries\/","og_site_name":"financeAds","article_publisher":"https:\/\/www.facebook.com\/financeAds\/","article_modified_time":"2022-02-21T13:33:10+00:00","twitter_card":"summary_large_image","twitter_site":"@financeads","twitter_misc":{"Est. reading time":"1 minute"},"schema":{"@context":"https:\/\/schema.org","@graph":[{"@type":"WebPage","@id":"https:\/\/www.financeads.com\/fr\/annonceurs\/enquiries\/","url":"https:\/\/www.financeads.com\/fr\/annonceurs\/enquiries\/","name":"Demande de collaboration &#8211; D\u00e9marrez un programme d'affiliation avec financeAds","isPartOf":{"@id":"https:\/\/www.financeads.com\/#website"},"datePublished":"2020-11-25T16:24:14+00:00","dateModified":"2022-02-21T13:33:10+00:00","description":"Acquisition de nouveaux clients \u00e0 la performance. Sans risque, sans effort. Profitez d'un service de premi\u00e8re classe et de g\u00e9nerez de nombreux nouveaux clients pour votre marque.","breadcrumb":{"@id":"https:\/\/www.financeads.com\/fr\/annonceurs\/enquiries\/#breadcrumb"},"inLanguage":"fr-FR","potentialAction":[{"@type":"ReadAction","target":["https:\/\/www.financeads.com\/fr\/annonceurs\/enquiries\/"]}]},{"@type":"BreadcrumbList","@id":"https:\/\/www.financeads.com\/fr\/annonceurs\/enquiries\/#breadcrumb","itemListElement":[{"@type":"ListItem","position":1,"name":"Home","item":"https:\/\/www.financeads.com\/fr\/"},{"@type":"ListItem","position":2,"name":"Annonceurs","item":"https:\/\/www.financeads.com\/fr\/annonceurs\/"},{"@type":"ListItem","position":3,"name":"Demande de collaboration"}]},{"@type":"WebSite","@id":"https:\/\/www.financeads.com\/#website","url":"https:\/\/www.financeads.com\/","name":"financeAds","description":"Das Premium Affiliate Netzwerk f\u00fcr Banken, Versicherungen und Fintechs","publisher":{"@id":"https:\/\/www.financeads.com\/#organization"},"potentialAction":[{"@type":"SearchAction","target":{"@type":"EntryPoint","urlTemplate":"https:\/\/www.financeads.com\/?s={search_term_string}"},"query-input":"required name=search_term_string"}],"inLanguage":"fr-FR"},{"@type":"Organization","@id":"https:\/\/www.financeads.com\/#organization","name":"financeAds","url":"https:\/\/www.financeads.com\/","logo":{"@type":"ImageObject","inLanguage":"fr-FR","@id":"https:\/\/www.financeads.com\/#\/schema\/logo\/image\/","url":"https:\/\/www.financeads.com\/wp-content\/uploads\/2021\/03\/financeAds-Logo-2.png","contentUrl":"https:\/\/www.financeads.com\/wp-content\/uploads\/2021\/03\/financeAds-Logo-2.png","width":210,"height":70,"caption":"financeAds"},"image":{"@id":"https:\/\/www.financeads.com\/#\/schema\/logo\/image\/"},"sameAs":["https:\/\/www.facebook.com\/financeAds\/","https:\/\/x.com\/financeads","https:\/\/de.linkedin.com\/company\/financeads","https:\/\/www.youtube.com\/channel\/UCuFACoL9JMnJ2Dh66qHlhDQ"]}]}},"_links":{"self":[{"href":"https:\/\/www.financeads.com\/fr\/wp-json\/wp\/v2\/pages\/14145"}],"collection":[{"href":"https:\/\/www.financeads.com\/fr\/wp-json\/wp\/v2\/pages"}],"about":[{"href":"https:\/\/www.financeads.com\/fr\/wp-json\/wp\/v2\/types\/page"}],"author":[{"embeddable":true,"href":"https:\/\/www.financeads.com\/fr\/wp-json\/wp\/v2\/users\/16"}],"replies":[{"embeddable":true,"href":"https:\/\/www.financeads.com\/fr\/wp-json\/wp\/v2\/comments?post=14145"}],"version-history":[{"count":18,"href":"https:\/\/www.financeads.com\/fr\/wp-json\/wp\/v2\/pages\/14145\/revisions"}],"predecessor-version":[{"id":15622,"href":"https:\/\/www.financeads.com\/fr\/wp-json\/wp\/v2\/pages\/14145\/revisions\/15622"}],"up":[{"embeddable":true,"href":"https:\/\/www.financeads.com\/fr\/wp-json\/wp\/v2\/pages\/14801"}],"wp:attachment":[{"href":"https:\/\/www.financeads.com\/fr\/wp-json\/wp\/v2\/media?parent=14145"}],"curies":[{"name":"wp","href":"https:\/\/api.w.org\/{rel}","templated":true}]}}