{"id":14984,"date":"2021-12-07T12:34:43","date_gmt":"2021-12-07T12:34:43","guid":{"rendered":"https:\/\/www.financeads.com\/404-page\/"},"modified":"2022-04-01T10:05:49","modified_gmt":"2022-04-01T10:05:49","slug":"404-page","status":"publish","type":"page","link":"https:\/\/www.financeads.com\/fr\/404-page\/","title":{"rendered":"404 Page"},"content":{"rendered":"<p>[vc_row][vc_column][vc_raw_html]PGRpdiBjbGFzcz0ic2VjdGlvbi1mdWxsIj4NCjxkaXYgY2xhc3M9ImNvbnRhaW5lciI+DQo8ZGl2IGNsYXNzPSJlcnJvci1wYWdlIHRleHQtY2VudGVyIj4NCjxkaXYgY2xhc3M9ImRsYWJfZXJyb3IiPjQwNDwvZGl2Pg0KPGgyIGNsYXNzPSJlcnJvci1oZWFkIj5Ob3VzIHNvbW1lcyBkw6lzb2zDqXMsIG1haXMgbGEgcGFnZSBxdWUgdm91cyBjaGVyY2hleiBuJ2EgcGFzIHB1IMOqdHJlIHRyb3V2w6llLjwvaDI+DQo8YSBjbGFzcz0iYnRuIGJ0bi1wcmltYXJ5IHJhZGl1cy1ubyIgaHJlZj0iLyI+DQo8c3BhbiBjbGFzcz0icC1scjE1Ij4NClJldG91ciB2ZXJzIGxhIGhvbWVwYWdlDQo8L3NwYW4+DQo8L2E+DQoNCjwvZGl2Pg0KPC9kaXY+DQo8L2Rpdj4=[\/vc_raw_html][\/vc_column][\/vc_row]<\/p>\n","protected":false},"excerpt":{"rendered":"<p>[vc_row][vc_column][vc_raw_html]PGRpdiBjbGFzcz0ic2VjdGlvbi1mdWxsIj4NCjxkaXYgY2xhc3M9ImNvbnRhaW5lciI+DQo8ZGl2IGNsYXNzPSJlcnJvci1wYWdlIHRleHQtY2VudGVyIj4NCjxkaXYgY2xhc3M9ImRsYWJfZXJyb3IiPjQwNDwvZGl2Pg0KPGgyIGNsYXNzPSJlcnJvci1oZWFkIj5Ob3VzIHNvbW1lcyBkw6lzb2zDqXMsIG1haXMgbGEgcGFnZSBxdWUgdm91cyBjaGVyY2hleiBuJ2EgcGFzIHB1IMOqdHJlIHRyb3V2w6llLjwvaDI+DQo8YSBjbGFzcz0iYnRuIGJ0bi1wcmltYXJ5IHJhZGl1cy1ubyIgaHJlZj0iLyI+DQo8c3BhbiBjbGFzcz0icC1scjE1Ij4NClJldG91ciB2ZXJzIGxhIGhvbWVwYWdlDQo8L3NwYW4+DQo8L2E+DQoNCjwvZGl2Pg0KPC9kaXY+DQo8L2Rpdj4=[\/vc_raw_html][\/vc_column][\/vc_row]<\/p>\n","protected":false},"author":16,"featured_media":0,"parent":0,"menu_order":0,"comment_status":"closed","ping_status":"closed","template":"","meta":{"_mi_skip_tracking":false,"_monsterinsights_sitenote_active":false,"_monsterinsights_sitenote_note":"","_monsterinsights_sitenote_category":0,"footnotes":""},"yoast_head":"<!-- This site is optimized with the Yoast SEO plugin v22.6 - https:\/\/yoast.com\/wordpress\/plugins\/seo\/ -->\n<title>404 - Page non trouv\u00e9e<\/title>\n<meta name=\"description\" content=\"Programmes exclusifs d&#039;affiliation pour les Cartes de Cr\u00e9dits, les Assurances, les Pr\u00eats, les Banques en ligne, les Cartes Pr\u00e9pay\u00e9es\" \/>\n<meta name=\"robots\" content=\"index, follow, max-snippet:-1, max-image-preview:large, max-video-preview:-1\" \/>\n<link rel=\"canonical\" href=\"https:\/\/www.financeads.com\/fr\/404-page\/\" \/>\n<meta property=\"og:locale\" content=\"fr_FR\" \/>\n<meta property=\"og:type\" content=\"article\" \/>\n<meta property=\"og:title\" content=\"404 - Page non trouv\u00e9e\" \/>\n<meta property=\"og:description\" content=\"Programmes exclusifs d&#039;affiliation pour les Cartes de Cr\u00e9dits, les Assurances, les Pr\u00eats, les Banques en ligne, les Cartes Pr\u00e9pay\u00e9es\" \/>\n<meta property=\"og:url\" content=\"https:\/\/www.financeads.com\/fr\/404-page\/\" \/>\n<meta property=\"og:site_name\" content=\"financeAds\" \/>\n<meta property=\"article:publisher\" content=\"https:\/\/www.facebook.com\/financeAds\/\" \/>\n<meta property=\"article:modified_time\" content=\"2022-04-01T10:05:49+00:00\" \/>\n<meta name=\"twitter:card\" content=\"summary_large_image\" \/>\n<meta name=\"twitter:site\" content=\"@financeads\" \/>\n<script type=\"application\/ld+json\" class=\"yoast-schema-graph\">{\"@context\":\"https:\/\/schema.org\",\"@graph\":[{\"@type\":\"WebPage\",\"@id\":\"https:\/\/www.financeads.com\/fr\/404-page\/\",\"url\":\"https:\/\/www.financeads.com\/fr\/404-page\/\",\"name\":\"404 - Page non trouv\u00e9e\",\"isPartOf\":{\"@id\":\"https:\/\/www.financeads.com\/#website\"},\"datePublished\":\"2021-12-07T12:34:43+00:00\",\"dateModified\":\"2022-04-01T10:05:49+00:00\",\"description\":\"Programmes exclusifs d'affiliation pour les Cartes de Cr\u00e9dits, les Assurances, les Pr\u00eats, les Banques en ligne, les Cartes Pr\u00e9pay\u00e9es\",\"breadcrumb\":{\"@id\":\"https:\/\/www.financeads.com\/fr\/404-page\/#breadcrumb\"},\"inLanguage\":\"fr-FR\",\"potentialAction\":[{\"@type\":\"ReadAction\",\"target\":[\"https:\/\/www.financeads.com\/fr\/404-page\/\"]}]},{\"@type\":\"BreadcrumbList\",\"@id\":\"https:\/\/www.financeads.com\/fr\/404-page\/#breadcrumb\",\"itemListElement\":[{\"@type\":\"ListItem\",\"position\":1,\"name\":\"Home\",\"item\":\"https:\/\/www.financeads.com\/fr\/\"},{\"@type\":\"ListItem\",\"position\":2,\"name\":\"404 Page\"}]},{\"@type\":\"WebSite\",\"@id\":\"https:\/\/www.financeads.com\/#website\",\"url\":\"https:\/\/www.financeads.com\/\",\"name\":\"financeAds\",\"description\":\"Das Premium Affiliate Netzwerk f\u00fcr Banken, Versicherungen und Fintechs\",\"publisher\":{\"@id\":\"https:\/\/www.financeads.com\/#organization\"},\"potentialAction\":[{\"@type\":\"SearchAction\",\"target\":{\"@type\":\"EntryPoint\",\"urlTemplate\":\"https:\/\/www.financeads.com\/?s={search_term_string}\"},\"query-input\":\"required name=search_term_string\"}],\"inLanguage\":\"fr-FR\"},{\"@type\":\"Organization\",\"@id\":\"https:\/\/www.financeads.com\/#organization\",\"name\":\"financeAds\",\"url\":\"https:\/\/www.financeads.com\/\",\"logo\":{\"@type\":\"ImageObject\",\"inLanguage\":\"fr-FR\",\"@id\":\"https:\/\/www.financeads.com\/#\/schema\/logo\/image\/\",\"url\":\"https:\/\/www.financeads.com\/wp-content\/uploads\/2021\/03\/financeAds-Logo-2.png\",\"contentUrl\":\"https:\/\/www.financeads.com\/wp-content\/uploads\/2021\/03\/financeAds-Logo-2.png\",\"width\":210,\"height\":70,\"caption\":\"financeAds\"},\"image\":{\"@id\":\"https:\/\/www.financeads.com\/#\/schema\/logo\/image\/\"},\"sameAs\":[\"https:\/\/www.facebook.com\/financeAds\/\",\"https:\/\/x.com\/financeads\",\"https:\/\/de.linkedin.com\/company\/financeads\",\"https:\/\/www.youtube.com\/channel\/UCuFACoL9JMnJ2Dh66qHlhDQ\"]}]}<\/script>\n<!-- \/ Yoast SEO plugin. -->","yoast_head_json":{"title":"404 - Page non trouv\u00e9e","description":"Programmes exclusifs d'affiliation pour les Cartes de Cr\u00e9dits, les Assurances, les Pr\u00eats, les Banques en ligne, les Cartes Pr\u00e9pay\u00e9es","robots":{"index":"index","follow":"follow","max-snippet":"max-snippet:-1","max-image-preview":"max-image-preview:large","max-video-preview":"max-video-preview:-1"},"canonical":"https:\/\/www.financeads.com\/fr\/404-page\/","og_locale":"fr_FR","og_type":"article","og_title":"404 - Page non trouv\u00e9e","og_description":"Programmes exclusifs d'affiliation pour les Cartes de Cr\u00e9dits, les Assurances, les Pr\u00eats, les Banques en ligne, les Cartes Pr\u00e9pay\u00e9es","og_url":"https:\/\/www.financeads.com\/fr\/404-page\/","og_site_name":"financeAds","article_publisher":"https:\/\/www.facebook.com\/financeAds\/","article_modified_time":"2022-04-01T10:05:49+00:00","twitter_card":"summary_large_image","twitter_site":"@financeads","schema":{"@context":"https:\/\/schema.org","@graph":[{"@type":"WebPage","@id":"https:\/\/www.financeads.com\/fr\/404-page\/","url":"https:\/\/www.financeads.com\/fr\/404-page\/","name":"404 - Page non trouv\u00e9e","isPartOf":{"@id":"https:\/\/www.financeads.com\/#website"},"datePublished":"2021-12-07T12:34:43+00:00","dateModified":"2022-04-01T10:05:49+00:00","description":"Programmes exclusifs d'affiliation pour les Cartes de Cr\u00e9dits, les Assurances, les Pr\u00eats, les Banques en ligne, les Cartes Pr\u00e9pay\u00e9es","breadcrumb":{"@id":"https:\/\/www.financeads.com\/fr\/404-page\/#breadcrumb"},"inLanguage":"fr-FR","potentialAction":[{"@type":"ReadAction","target":["https:\/\/www.financeads.com\/fr\/404-page\/"]}]},{"@type":"BreadcrumbList","@id":"https:\/\/www.financeads.com\/fr\/404-page\/#breadcrumb","itemListElement":[{"@type":"ListItem","position":1,"name":"Home","item":"https:\/\/www.financeads.com\/fr\/"},{"@type":"ListItem","position":2,"name":"404 Page"}]},{"@type":"WebSite","@id":"https:\/\/www.financeads.com\/#website","url":"https:\/\/www.financeads.com\/","name":"financeAds","description":"Das Premium Affiliate Netzwerk f\u00fcr Banken, Versicherungen und Fintechs","publisher":{"@id":"https:\/\/www.financeads.com\/#organization"},"potentialAction":[{"@type":"SearchAction","target":{"@type":"EntryPoint","urlTemplate":"https:\/\/www.financeads.com\/?s={search_term_string}"},"query-input":"required name=search_term_string"}],"inLanguage":"fr-FR"},{"@type":"Organization","@id":"https:\/\/www.financeads.com\/#organization","name":"financeAds","url":"https:\/\/www.financeads.com\/","logo":{"@type":"ImageObject","inLanguage":"fr-FR","@id":"https:\/\/www.financeads.com\/#\/schema\/logo\/image\/","url":"https:\/\/www.financeads.com\/wp-content\/uploads\/2021\/03\/financeAds-Logo-2.png","contentUrl":"https:\/\/www.financeads.com\/wp-content\/uploads\/2021\/03\/financeAds-Logo-2.png","width":210,"height":70,"caption":"financeAds"},"image":{"@id":"https:\/\/www.financeads.com\/#\/schema\/logo\/image\/"},"sameAs":["https:\/\/www.facebook.com\/financeAds\/","https:\/\/x.com\/financeads","https:\/\/de.linkedin.com\/company\/financeads","https:\/\/www.youtube.com\/channel\/UCuFACoL9JMnJ2Dh66qHlhDQ"]}]}},"_links":{"self":[{"href":"https:\/\/www.financeads.com\/fr\/wp-json\/wp\/v2\/pages\/14984"}],"collection":[{"href":"https:\/\/www.financeads.com\/fr\/wp-json\/wp\/v2\/pages"}],"about":[{"href":"https:\/\/www.financeads.com\/fr\/wp-json\/wp\/v2\/types\/page"}],"author":[{"embeddable":true,"href":"https:\/\/www.financeads.com\/fr\/wp-json\/wp\/v2\/users\/16"}],"replies":[{"embeddable":true,"href":"https:\/\/www.financeads.com\/fr\/wp-json\/wp\/v2\/comments?post=14984"}],"version-history":[{"count":2,"href":"https:\/\/www.financeads.com\/fr\/wp-json\/wp\/v2\/pages\/14984\/revisions"}],"predecessor-version":[{"id":15299,"href":"https:\/\/www.financeads.com\/fr\/wp-json\/wp\/v2\/pages\/14984\/revisions\/15299"}],"wp:attachment":[{"href":"https:\/\/www.financeads.com\/fr\/wp-json\/wp\/v2\/media?parent=14984"}],"curies":[{"name":"wp","href":"https:\/\/api.w.org\/{rel}","templated":true}]}}